{"id":159,"date":"2023-07-21T11:53:58","date_gmt":"2023-07-21T09:53:58","guid":{"rendered":"https:\/\/france.edf-powersolutions.com\/?page_id=159"},"modified":"2025-07-28T15:11:20","modified_gmt":"2025-07-28T13:11:20","slug":"mentions-legales","status":"publish","type":"page","link":"https:\/\/france.edf-powersolutions.com\/en\/mentions-legales\/","title":{"rendered":"Legal Notice"},"content":{"rendered":"<div data-elementor-type=\"wp-page\" data-elementor-id=\"159\" class=\"elementor elementor-159\" data-elementor-post-type=\"page\">\n\t\t\t\t<div class=\"elementor-element elementor-element-8da81a7 e-flex e-con-boxed e-con e-parent\" data-id=\"8da81a7\" data-element_type=\"container\" data-e-type=\"container\" data-settings=\"{&quot;background_background&quot;:&quot;classic&quot;}\">\n\t\t\t\t\t<div class=\"e-con-inner\">\n\t\t\t\t<div class=\"elementor-element elementor-element-6722e862 elementor-widget elementor-widget-heading\" data-id=\"6722e862\" data-element_type=\"widget\" data-e-type=\"widget\" data-widget_type=\"heading.default\">\n\t\t\t\t<div class=\"elementor-widget-container\">\n\t\t\t\t\t<h1 class=\"elementor-heading-title elementor-size-default\">Legal Notice<\/h1>\t\t\t\t<\/div>\n\t\t\t\t<\/div>\n\t\t\t\t<div class=\"elementor-element elementor-element-2e1152d elementor-widget elementor-widget-heading\" data-id=\"2e1152d\" data-element_type=\"widget\" data-e-type=\"widget\" data-widget_type=\"heading.default\">\n\t\t\t\t<div class=\"elementor-widget-container\">\n\t\t\t\t\t<p class=\"elementor-heading-title elementor-size-default\">Effective 01\/01\/2024<\/p>\t\t\t\t<\/div>\n\t\t\t\t<\/div>\n\t\t\t\t\t<\/div>\n\t\t\t\t<\/div>\n\t\t<div class=\"elementor-element elementor-element-1816fabf e-flex e-con-boxed e-con e-parent\" data-id=\"1816fabf\" data-element_type=\"container\" data-e-type=\"container\">\n\t\t\t\t\t<div class=\"e-con-inner\">\n\t\t\t\t<div class=\"elementor-element elementor-element-229ecdd4 elementor-widget elementor-widget-shortcode\" data-id=\"229ecdd4\" data-element_type=\"widget\" data-e-type=\"widget\" data-widget_type=\"shortcode.default\">\n\t\t\t\t<div class=\"elementor-widget-container\">\n\t\t\t\t\t\t\t<div class=\"elementor-shortcode\"><span><span><a href=\"https:\/\/france.edf-powersolutions.com\/en\/\">Welcome<\/a><\/span><\/span><\/div>\n\t\t\t\t\t\t<\/div>\n\t\t\t\t<\/div>\n\t\t\t\t\t<\/div>\n\t\t\t\t<\/div>\n\t\t<div class=\"elementor-element elementor-element-67fdb0dd e-flex e-con-boxed e-con e-parent\" data-id=\"67fdb0dd\" data-element_type=\"container\" data-e-type=\"container\">\n\t\t\t\t\t<div class=\"e-con-inner\">\n\t\t<div class=\"elementor-element elementor-element-49fbee7 e-con-full e-flex e-con e-child\" data-id=\"49fbee7\" data-element_type=\"container\" data-e-type=\"container\">\n\t\t\t\t<div class=\"elementor-element elementor-element-0405eb2 elementor-widget elementor-widget-text-editor\" data-id=\"0405eb2\" data-element_type=\"widget\" data-e-type=\"widget\" data-widget_type=\"text-editor.default\">\n\t\t\t\t<div class=\"elementor-widget-container\">\n\t\t\t\t\t\t\t\t\t<p>In accordance with the provisions of Articles 6-III and 19 of Law No. 2004-575 of June 21, 2004 for Confidence in the Digital Economy, known as LCEN, it is brought to the attention of users and visitors, hereinafter \u201c\u00a0<b>the user<\/b>\u00a0\u00bb, from the site www.france.edf-powersolutions.com, hereinafter the \u201c\u00a0<b>Site<\/b>\u00a0\u00bb, the present <b>Legal Notice<\/b>.<\/p><p>Connection and navigation on the Site by the User implies full and unreserved acceptance of these legal notices.<\/p>\t\t\t\t\t\t\t\t<\/div>\n\t\t\t\t<\/div>\n\t\t\t\t<div class=\"elementor-element elementor-element-69440ae6 elementor-widget elementor-widget-heading\" data-id=\"69440ae6\" data-element_type=\"widget\" data-e-type=\"widget\" data-widget_type=\"heading.default\">\n\t\t\t\t<div class=\"elementor-widget-container\">\n\t\t\t\t\t<h2 class=\"elementor-heading-title elementor-size-default\">Site design information<\/h2>\t\t\t\t<\/div>\n\t\t\t\t<\/div>\n\t\t\t\t<div class=\"elementor-element elementor-element-5b687ee4 elementor-widget elementor-widget-text-editor\" data-id=\"5b687ee4\" data-element_type=\"widget\" data-e-type=\"widget\" data-widget_type=\"text-editor.default\">\n\t\t\t\t<div class=\"elementor-widget-container\">\n\t\t\t\t\t\t\t\t\t<p>Site design: <a href=\"https:\/\/www.dids.fr\/\"><strong>IDEAS AND SITES<\/strong><\/a>, a limited liability company, registered under SIREN 493784029, domiciled at 39 Rue de Turenne, 75003 Paris.<\/p>\t\t\t\t\t\t\t\t<\/div>\n\t\t\t\t<\/div>\n\t\t\t\t<div class=\"elementor-element elementor-element-28115b58 elementor-widget elementor-widget-heading\" data-id=\"28115b58\" data-element_type=\"widget\" data-e-type=\"widget\" data-widget_type=\"heading.default\">\n\t\t\t\t<div class=\"elementor-widget-container\">\n\t\t\t\t\t<h2 class=\"elementor-heading-title elementor-size-default\">Information on site editing<\/h2>\t\t\t\t<\/div>\n\t\t\t\t<\/div>\n\t\t\t\t<div class=\"elementor-element elementor-element-79e7a738 elementor-widget elementor-widget-text-editor\" data-id=\"79e7a738\" data-element_type=\"widget\" data-e-type=\"widget\" data-widget_type=\"text-editor.default\">\n\t\t\t\t<div class=\"elementor-widget-container\">\n\t\t\t\t\t\t\t\t\t<p>The Site is published by EDF Renouvelables, a limited company with capital of 226,755,000 euros, registered in the Nanterre Trade and Companies Register under number 434689915 whose head office is located: <b>Head office of the EDF Renewables Group 43 Boulevard des Bouvets, CS 90310 \u2013 92741 Nanterre Cedex<\/b><\/p>\n<p>Telephone number: 0140902300,<br>Intracommunity VAT number: FR 41 379677636,<br>Directrice de la publication&nbsp;: Anne-Laure Meynial-Coumaros, Directrice de la Communication Corporate du Groupe EDF Renouvelables, ci-apr\u00e8s l'\u00a0\u00bb<b>Editor<\/b>\u201c.<\/p>\n<p>For your convenience, EDF Renewables provides links to other sites and cannot be responsible, in any way, for the content of the information posted on these other sites and the use you make of them. The decision to activate the links is solely yours.<\/p>\t\t\t\t\t\t\t\t<\/div>\n\t\t\t\t<\/div>\n\t\t\t\t<div class=\"elementor-element elementor-element-5cd5486c elementor-widget elementor-widget-heading\" data-id=\"5cd5486c\" data-element_type=\"widget\" data-e-type=\"widget\" data-widget_type=\"heading.default\">\n\t\t\t\t<div class=\"elementor-widget-container\">\n\t\t\t\t\t<h2 class=\"elementor-heading-title elementor-size-default\">Accommodation information<\/h2>\t\t\t\t<\/div>\n\t\t\t\t<\/div>\n\t\t\t\t<div class=\"elementor-element elementor-element-1bd13e75 elementor-widget elementor-widget-text-editor\" data-id=\"1bd13e75\" data-element_type=\"widget\" data-e-type=\"widget\" data-widget_type=\"text-editor.default\">\n\t\t\t\t<div class=\"elementor-widget-container\">\n\t\t\t\t\t\t\t\t\t<p>The Site is hosted by the company OVH CLOUD, whose head office is located at 2 rue Kellermann \u2013 59100 Roubaix \u2013 France.<\/p>\t\t\t\t\t\t\t\t<\/div>\n\t\t\t\t<\/div>\n\t\t\t\t<div class=\"elementor-element elementor-element-e8784f2 elementor-widget elementor-widget-heading\" data-id=\"e8784f2\" data-element_type=\"widget\" data-e-type=\"widget\" data-widget_type=\"heading.default\">\n\t\t\t\t<div class=\"elementor-widget-container\">\n\t\t\t\t\t<h2 class=\"elementor-heading-title elementor-size-default\">Information on access to the site<\/h2>\t\t\t\t<\/div>\n\t\t\t\t<\/div>\n\t\t\t\t<div class=\"elementor-element elementor-element-a659a93 elementor-widget elementor-widget-text-editor\" data-id=\"a659a93\" data-element_type=\"widget\" data-e-type=\"widget\" data-widget_type=\"text-editor.default\">\n\t\t\t\t<div class=\"elementor-widget-container\">\n\t\t\t\t\t\t\t\t\t<p>The Site is accessible from any location, 7 days a week, 24 hours a day except in cases of force majeure, scheduled or unplanned interruption which may result from a need for maintenance.<\/p><p>In the event of modification, interruption or suspension of the Site, the Publisher cannot be held responsible.<\/p>\t\t\t\t\t\t\t\t<\/div>\n\t\t\t\t<\/div>\n\t\t\t\t<div class=\"elementor-element elementor-element-f877d87 elementor-widget elementor-widget-heading\" data-id=\"f877d87\" data-element_type=\"widget\" data-e-type=\"widget\" data-widget_type=\"heading.default\">\n\t\t\t\t<div class=\"elementor-widget-container\">\n\t\t\t\t\t<h2 class=\"elementor-heading-title elementor-size-default\">Intellectual property information<\/h2>\t\t\t\t<\/div>\n\t\t\t\t<\/div>\n\t\t\t\t<div class=\"elementor-element elementor-element-1094134 elementor-widget elementor-widget-text-editor\" data-id=\"1094134\" data-element_type=\"widget\" data-e-type=\"widget\" data-widget_type=\"text-editor.default\">\n\t\t\t\t<div class=\"elementor-widget-container\">\n\t\t\t\t\t\t\t\t\t<p>The EDF Renewables site is an intellectual work protected by intellectual property rights.<br \/>The site and each of the elements which compose it such as, in particular, brands, texts, illustrations, logos, company names, products, photographs are the exclusive property of EDF Renouvelables or of a third party having granted it the right to use it.<\/p><p>The reproduction of all documents published on the site is only authorized for the exclusive purposes of information for strictly personal and private use. Any other reproduction and\/or representation of the site must be subject to prior written authorization from EDF Renouvelables.<\/p>\t\t\t\t\t\t\t\t<\/div>\n\t\t\t\t<\/div>\n\t\t\t\t<div class=\"elementor-element elementor-element-4a9fed5 elementor-widget elementor-widget-heading\" data-id=\"4a9fed5\" data-element_type=\"widget\" data-e-type=\"widget\" data-widget_type=\"heading.default\">\n\t\t\t\t<div class=\"elementor-widget-container\">\n\t\t\t\t\t<h2 class=\"elementor-heading-title elementor-size-default\">Information on data collection<\/h2>\t\t\t\t<\/div>\n\t\t\t\t<\/div>\n\t\t\t\t<div class=\"elementor-element elementor-element-d5facba elementor-widget elementor-widget-text-editor\" data-id=\"d5facba\" data-element_type=\"widget\" data-e-type=\"widget\" data-widget_type=\"text-editor.default\">\n\t\t\t\t<div class=\"elementor-widget-container\">\n\t\t\t\t\t\t\t\t\t<p>The Site ensures that the User collects and processes personal information while respecting privacy in accordance with Law No. 78-17 of January 6, 1978 relating to data processing, files and freedoms.<\/p><p>Under the Data Protection Act, dated January 6, 1978, the User has the right to access, rectify, delete and oppose their personal data. The User exercises this right by email to the email address <strong><a href=\"mailto:privacy@edf-en.com\">privacy@edf-en.com<\/a><\/strong>.<\/p><p>Any use, reproduction, distribution, marketing, modification of all or part of the Site, without authorization from the Publisher is prohibited and may result in legal actions and proceedings as provided for in the Intellectual Property Code and the Civil Code.<\/p><p>For more information on the protection of personal data, refer to the <a href=\"https:\/\/france.edf-powersolutions.com\/en\/protection-des-donnees-a-caractere-personnel\/\"><b>Personal data protection charter<\/b><\/a>.<\/p><p>For more information on cookies, refer to the site&#039;s Cookie Charter <a href=\"https:\/\/france.edf-powersolutions.com\/en\/protection-des-donnees-a-caractere-personnel\/\"><strong>www.france.edf-powersolutions.com accessible in the \u201cCookies\u201d section<\/strong><\/a>.<\/p>\t\t\t\t\t\t\t\t<\/div>\n\t\t\t\t<\/div>\n\t\t\t\t<\/div>\n\t\t\t\t\t<\/div>\n\t\t\t\t<\/div>\n\t\t\t\t<\/div>","protected":false},"excerpt":{"rendered":"<p>En vigueur au 01\/01\/2024 Conform\u00e9ment aux dispositions des Articles 6-III et 19 de la Loi n\u00b02004-575 du 21 juin 2004 pour la Confiance dans l\u2019\u00e9conomie num\u00e9rique, dite L.C.E.N., il est port\u00e9 \u00e0 la connaissance des utilisateurs et visiteurs, ci-apr\u00e8s \u00ab\u00a0l\u2019Utilisateur\u00a0\u00bb, du site www.france.edf-powersolutions.com , ci-apr\u00e8s le \u00ab\u00a0Site\u00a0\u00bb, les pr\u00e9sentes mentions l\u00e9gales. La connexion et la [&hellip;]<\/p>\n","protected":false},"author":1,"featured_media":0,"parent":0,"menu_order":0,"comment_status":"closed","ping_status":"closed","template":"elementor_header_footer","meta":{"_acf_changed":false,"footnotes":""},"class_list":["post-159","page","type-page","status-publish","hentry"],"acf":[],"yoast_head":"<!-- This site is optimized with the Yoast SEO plugin v27.5 - https:\/\/yoast.com\/product\/yoast-seo-wordpress\/ -->\n<title>Mentions l\u00e9gales - EDF power solutions<\/title>\n<meta name=\"robots\" content=\"index, follow, max-snippet:-1, max-image-preview:large, max-video-preview:-1\" \/>\n<link rel=\"canonical\" href=\"https:\/\/france.edf-powersolutions.com\/en\/mentions-legales\/\" \/>\n<meta property=\"og:locale\" content=\"en_GB\" \/>\n<meta property=\"og:type\" content=\"article\" \/>\n<meta property=\"og:title\" content=\"Mentions l\u00e9gales - EDF power solutions\" \/>\n<meta property=\"og:description\" content=\"En vigueur au 01\/01\/2024 Conform\u00e9ment aux dispositions des Articles 6-III et 19 de la Loi n\u00b02004-575 du 21 juin 2004 pour la Confiance dans l\u2019\u00e9conomie num\u00e9rique, dite L.C.E.N., il est port\u00e9 \u00e0 la connaissance des utilisateurs et visiteurs, ci-apr\u00e8s \u00ab\u00a0l\u2019Utilisateur\u00a0\u00bb, du site www.france.edf-powersolutions.com , ci-apr\u00e8s le \u00ab\u00a0Site\u00a0\u00bb, les pr\u00e9sentes mentions l\u00e9gales. La connexion et la [&hellip;]\" \/>\n<meta property=\"og:url\" content=\"https:\/\/france.edf-powersolutions.com\/en\/mentions-legales\/\" \/>\n<meta property=\"og:site_name\" content=\"EDF power solutions\" \/>\n<meta property=\"article:modified_time\" content=\"2025-07-28T13:11:20+00:00\" \/>\n<meta name=\"twitter:card\" content=\"summary_large_image\" \/>\n<meta name=\"twitter:site\" content=\"@EDF_power\" \/>\n<meta name=\"twitter:label1\" content=\"Estimated reading time\" \/>\n\t<meta name=\"twitter:data1\" content=\"3 minutes\" \/>\n<script type=\"application\/ld+json\" class=\"yoast-schema-graph\">{\"@context\":\"https:\\\/\\\/schema.org\",\"@graph\":[{\"@type\":\"WebPage\",\"@id\":\"https:\\\/\\\/france.edf-powersolutions.com\\\/mentions-legales\\\/\",\"url\":\"https:\\\/\\\/france.edf-powersolutions.com\\\/mentions-legales\\\/\",\"name\":\"Mentions l\u00e9gales - EDF power solutions\",\"isPartOf\":{\"@id\":\"https:\\\/\\\/france.edf-powersolutions.com\\\/#website\"},\"datePublished\":\"2023-07-21T09:53:58+00:00\",\"dateModified\":\"2025-07-28T13:11:20+00:00\",\"breadcrumb\":{\"@id\":\"https:\\\/\\\/france.edf-powersolutions.com\\\/mentions-legales\\\/#breadcrumb\"},\"inLanguage\":\"en-GB\",\"potentialAction\":[{\"@type\":\"ReadAction\",\"target\":[\"https:\\\/\\\/france.edf-powersolutions.com\\\/mentions-legales\\\/\"]}]},{\"@type\":\"BreadcrumbList\",\"@id\":\"https:\\\/\\\/france.edf-powersolutions.com\\\/mentions-legales\\\/#breadcrumb\",\"itemListElement\":[{\"@type\":\"ListItem\",\"position\":1,\"name\":\"Accueil\",\"item\":\"https:\\\/\\\/france.edf-powersolutions.com\\\/\"},{\"@type\":\"ListItem\",\"position\":2,\"name\":\"Mentions l\u00e9gales\"}]},{\"@type\":\"WebSite\",\"@id\":\"https:\\\/\\\/france.edf-powersolutions.com\\\/#website\",\"url\":\"https:\\\/\\\/france.edf-powersolutions.com\\\/\",\"name\":\"EDF power solutions\",\"description\":\"D\u00e9veloppement d&#039;\u00e9nergie renouvelable\",\"publisher\":{\"@id\":\"https:\\\/\\\/france.edf-powersolutions.com\\\/#organization\"},\"potentialAction\":[{\"@type\":\"SearchAction\",\"target\":{\"@type\":\"EntryPoint\",\"urlTemplate\":\"https:\\\/\\\/france.edf-powersolutions.com\\\/?s={search_term_string}\"},\"query-input\":{\"@type\":\"PropertyValueSpecification\",\"valueRequired\":true,\"valueName\":\"search_term_string\"}}],\"inLanguage\":\"en-GB\"},{\"@type\":\"Organization\",\"@id\":\"https:\\\/\\\/france.edf-powersolutions.com\\\/#organization\",\"name\":\"EDF power solutions\",\"url\":\"https:\\\/\\\/france.edf-powersolutions.com\\\/\",\"logo\":{\"@type\":\"ImageObject\",\"inLanguage\":\"en-GB\",\"@id\":\"https:\\\/\\\/france.edf-powersolutions.com\\\/#\\\/schema\\\/logo\\\/image\\\/\",\"url\":\"https:\\\/\\\/france.edf-powersolutions.com\\\/wp-content\\\/uploads\\\/2023\\\/07\\\/logo_edf_power_solutions_RGB-scaled.jpg\",\"contentUrl\":\"https:\\\/\\\/france.edf-powersolutions.com\\\/wp-content\\\/uploads\\\/2023\\\/07\\\/logo_edf_power_solutions_RGB-scaled.jpg\",\"width\":2560,\"height\":1119,\"caption\":\"EDF power solutions\"},\"image\":{\"@id\":\"https:\\\/\\\/france.edf-powersolutions.com\\\/#\\\/schema\\\/logo\\\/image\\\/\"},\"sameAs\":[\"https:\\\/\\\/x.com\\\/EDF_power\",\"https:\\\/\\\/www.linkedin.com\\\/company\\\/edf-power-solutions\\\/\",\"https:\\\/\\\/www.youtube.com\\\/@EDF_powersolutions\",\"https:\\\/\\\/www.instagram.com\\\/edf_powersolutions\"]}]}<\/script>\n<!-- \/ Yoast SEO plugin. -->","yoast_head_json":{"title":"Mentions l\u00e9gales - EDF power solutions","robots":{"index":"index","follow":"follow","max-snippet":"max-snippet:-1","max-image-preview":"max-image-preview:large","max-video-preview":"max-video-preview:-1"},"canonical":"https:\/\/france.edf-powersolutions.com\/en\/mentions-legales\/","og_locale":"en_GB","og_type":"article","og_title":"Mentions l\u00e9gales - EDF power solutions","og_description":"En vigueur au 01\/01\/2024 Conform\u00e9ment aux dispositions des Articles 6-III et 19 de la Loi n\u00b02004-575 du 21 juin 2004 pour la Confiance dans l\u2019\u00e9conomie num\u00e9rique, dite L.C.E.N., il est port\u00e9 \u00e0 la connaissance des utilisateurs et visiteurs, ci-apr\u00e8s \u00ab\u00a0l\u2019Utilisateur\u00a0\u00bb, du site www.france.edf-powersolutions.com , ci-apr\u00e8s le \u00ab\u00a0Site\u00a0\u00bb, les pr\u00e9sentes mentions l\u00e9gales. La connexion et la [&hellip;]","og_url":"https:\/\/france.edf-powersolutions.com\/en\/mentions-legales\/","og_site_name":"EDF power solutions","article_modified_time":"2025-07-28T13:11:20+00:00","twitter_card":"summary_large_image","twitter_site":"@EDF_power","twitter_misc":{"Estimated reading time":"3 minutes"},"schema":{"@context":"https:\/\/schema.org","@graph":[{"@type":"WebPage","@id":"https:\/\/france.edf-powersolutions.com\/mentions-legales\/","url":"https:\/\/france.edf-powersolutions.com\/mentions-legales\/","name":"Mentions l\u00e9gales - EDF power solutions","isPartOf":{"@id":"https:\/\/france.edf-powersolutions.com\/#website"},"datePublished":"2023-07-21T09:53:58+00:00","dateModified":"2025-07-28T13:11:20+00:00","breadcrumb":{"@id":"https:\/\/france.edf-powersolutions.com\/mentions-legales\/#breadcrumb"},"inLanguage":"en-GB","potentialAction":[{"@type":"ReadAction","target":["https:\/\/france.edf-powersolutions.com\/mentions-legales\/"]}]},{"@type":"BreadcrumbList","@id":"https:\/\/france.edf-powersolutions.com\/mentions-legales\/#breadcrumb","itemListElement":[{"@type":"ListItem","position":1,"name":"Accueil","item":"https:\/\/france.edf-powersolutions.com\/"},{"@type":"ListItem","position":2,"name":"Mentions l\u00e9gales"}]},{"@type":"WebSite","@id":"https:\/\/france.edf-powersolutions.com\/#website","url":"https:\/\/france.edf-powersolutions.com\/","name":"EDF power solutions","description":"Development of renewable energy","publisher":{"@id":"https:\/\/france.edf-powersolutions.com\/#organization"},"potentialAction":[{"@type":"SearchAction","target":{"@type":"EntryPoint","urlTemplate":"https:\/\/france.edf-powersolutions.com\/?s={search_term_string}"},"query-input":{"@type":"PropertyValueSpecification","valueRequired":true,"valueName":"search_term_string"}}],"inLanguage":"en-GB"},{"@type":"Organization","@id":"https:\/\/france.edf-powersolutions.com\/#organization","name":"EDF power solutions","url":"https:\/\/france.edf-powersolutions.com\/","logo":{"@type":"ImageObject","inLanguage":"en-GB","@id":"https:\/\/france.edf-powersolutions.com\/#\/schema\/logo\/image\/","url":"https:\/\/france.edf-powersolutions.com\/wp-content\/uploads\/2023\/07\/logo_edf_power_solutions_RGB-scaled.jpg","contentUrl":"https:\/\/france.edf-powersolutions.com\/wp-content\/uploads\/2023\/07\/logo_edf_power_solutions_RGB-scaled.jpg","width":2560,"height":1119,"caption":"EDF power solutions"},"image":{"@id":"https:\/\/france.edf-powersolutions.com\/#\/schema\/logo\/image\/"},"sameAs":["https:\/\/x.com\/EDF_power","https:\/\/www.linkedin.com\/company\/edf-power-solutions\/","https:\/\/www.youtube.com\/@EDF_powersolutions","https:\/\/www.instagram.com\/edf_powersolutions"]}]}},"_links":{"self":[{"href":"https:\/\/france.edf-powersolutions.com\/en\/wp-json\/wp\/v2\/pages\/159","targetHints":{"allow":["GET"]}}],"collection":[{"href":"https:\/\/france.edf-powersolutions.com\/en\/wp-json\/wp\/v2\/pages"}],"about":[{"href":"https:\/\/france.edf-powersolutions.com\/en\/wp-json\/wp\/v2\/types\/page"}],"author":[{"embeddable":true,"href":"https:\/\/france.edf-powersolutions.com\/en\/wp-json\/wp\/v2\/users\/1"}],"replies":[{"embeddable":true,"href":"https:\/\/france.edf-powersolutions.com\/en\/wp-json\/wp\/v2\/comments?post=159"}],"version-history":[{"count":0,"href":"https:\/\/france.edf-powersolutions.com\/en\/wp-json\/wp\/v2\/pages\/159\/revisions"}],"wp:attachment":[{"href":"https:\/\/france.edf-powersolutions.com\/en\/wp-json\/wp\/v2\/media?parent=159"}],"curies":[{"name":"wp","href":"https:\/\/api.w.org\/{rel}","templated":true}]}}